{"id":589,"date":"2025-09-19T15:58:23","date_gmt":"2025-09-19T14:58:23","guid":{"rendered":"https:\/\/www.ines.si\/hidravlika\/izdelava-komponent\/"},"modified":"2026-02-20T15:17:39","modified_gmt":"2026-02-20T14:17:39","slug":"izdelava-komponent","status":"publish","type":"page","link":"https:\/\/www.ines.si\/en\/hidravlika\/izdelava-komponent\/","title":{"rendered":"Izdelava komponent"},"content":{"rendered":"<div  class='wp-block-ow wp-block-ow-banner '><img loading=\"lazy\" decoding=\"async\" width=\"1920\" height=\"1280\" src=\"https:\/\/www.ines.si\/wp-content\/uploads\/2025\/11\/izdelava_komponent_1.webp\" class=\"banner-bg\" alt=\"Velika kovinska komponenta v obliki diska, mehansko obdelana za industrijsko uporabo\" srcset=\"https:\/\/www.ines.si\/wp-content\/uploads\/2025\/11\/izdelava_komponent_1.webp 1920w, https:\/\/www.ines.si\/wp-content\/uploads\/2025\/11\/izdelava_komponent_1-300x200.webp 300w, https:\/\/www.ines.si\/wp-content\/uploads\/2025\/11\/izdelava_komponent_1-1024x683.webp 1024w, https:\/\/www.ines.si\/wp-content\/uploads\/2025\/11\/izdelava_komponent_1-1536x1024.webp 1536w\" sizes=\"auto, (max-width: 1920px) 100vw, 1920px\" \/><div class='overlay'><\/div><div class='container'><div class='content'><div class='banner'><div class='banner__content'><h1 class='banner__title has-white-color max864 mb24'>Izdelava komponent<\/h1><div class='banner__text has-white-color max864'>Od enostavnih priklju\u010dkov do klju\u010dnih delov strojev\r\n<\/div><div class='banner__cta mt40'><div class='wp-block-buttons is-layout-flex wp-block-buttons-is-layout-flex'><div class='wp-block-button wp-block-button--white open-popup-povprasevanje'><a class='wp-block-button__link wp-element-button' href='#' target=''>Po\u0161ljite povpra\u0161evanje<\/a><\/div><\/div><\/div><\/div><\/div><\/div><\/div><\/div><div id=\"\" class=\"ow_container_section animate-block has-beige-background-color content_padding_top_152 content_padding_bottom_152\">\n    <div class=\"container\">\n        <div class=\"content\">\n            \n\n<div class=\"wp-block-columns are-vertically-aligned-center is-layout-flex wp-container-core-columns-is-layout-9d6595d7 wp-block-columns-is-layout-flex\">\n<div class=\"wp-block-column is-vertically-aligned-center is-layout-flow wp-block-column-is-layout-flow\">\n<div class=\"wp-block-group max535 is-layout-constrained wp-block-group-is-layout-constrained\">\n<h2 class=\"wp-block-heading animate-block-step animate-block-step-1\">Proizvodni program<\/h2>\n\n\n\n<p class=\"animate-block-step animate-block-step-2\">V podjetju <strong>INES d.o.o.<\/strong> izvajamo izdelavo tehni\u010dnih in mehanskih komponent po risbah kupcev ali na podlagi njihovih zahtev, pri \u010demer po potrebi pripravimo tudi lastno tehni\u010dno dokumentacijo in zagotovimo celoten proces izdelave.<\/p>\n\n\n\n<p class=\"animate-block-step animate-block-step-2\">Na\u0161 proizvodni program obsega zelo \u0161irok spekter izdelkov \u2013 od enostavnih posami\u010dnih delov do kompleksnih, tehni\u010dno zahtevnih sklopov za strojegradnjo in druge industrije. Med izdelki, ki jih ponujamo, so tudi <strong>hidravli\u010dne komponente<\/strong>, bodisi kot rezervni deli ali kot klju\u010dni elementi ve\u010djih sistemov.<\/p>\n\n\n\n<p>Vsak projekt temelji na tesnem sodelovanju s kupcem ter zdru\u017euje njegove zahteve z na\u0161im tehni\u010dnim znanjem in natan\u010dno izvedbo, kar zagotavlja zanesljive in kakovostne re\u0161itve.<\/p>\n<\/div>\n<\/div>\n\n\n\n<div class=\"wp-block-column is-vertically-aligned-center is-layout-flow wp-block-column-is-layout-flow\">\n<figure class=\"wp-block-image size-full animate-block-step animate-block-fly-in animate-block-step-3\"><img loading=\"lazy\" decoding=\"async\" width=\"1920\" height=\"1280\" src=\"https:\/\/www.ines.si\/wp-content\/uploads\/2025\/11\/izdelava_komponent_2.webp\" alt=\"Ve&#x10D; obdelanih kovinskih blokov z izvrtinami, pripravljenih za sestavo v hidravli&#x10D;ni sistem.\" class=\"wp-image-525\" srcset=\"https:\/\/www.ines.si\/wp-content\/uploads\/2025\/11\/izdelava_komponent_2.webp 1920w, https:\/\/www.ines.si\/wp-content\/uploads\/2025\/11\/izdelava_komponent_2-300x200.webp 300w, https:\/\/www.ines.si\/wp-content\/uploads\/2025\/11\/izdelava_komponent_2-1024x683.webp 1024w, https:\/\/www.ines.si\/wp-content\/uploads\/2025\/11\/izdelava_komponent_2-1536x1024.webp 1536w\" sizes=\"auto, (max-width: 1920px) 100vw, 1920px\" \/><\/figure>\n<\/div>\n<\/div>\n\n\n        <\/div>\n    <\/div>\n<\/div><div id=\"\" class=\"ow_container_section  content_padding_top_104 content_padding_bottom_104\">\n    <div class=\"container\">\n        <div class=\"content\">\n            \n\n<figure class=\"wp-block-gallery has-nested-images columns-default is-cropped wp-block-gallery-1 is-layout-flex wp-block-gallery-is-layout-flex\">\n<figure data-wp-context=\"{&quot;imageId&quot;:&quot;69f4d303514b9&quot;}\" data-wp-interactive=\"core\/image\" data-wp-key=\"69f4d303514b9\" class=\"wp-block-image size-large wp-lightbox-container\"><img loading=\"lazy\" decoding=\"async\" width=\"1024\" height=\"683\" data-wp-class--hide=\"state.isContentHidden\" data-wp-class--show=\"state.isContentVisible\" data-wp-init=\"callbacks.setButtonStyles\" data-wp-on--click=\"actions.showLightbox\" data-wp-on--load=\"callbacks.setButtonStyles\" data-wp-on-window--resize=\"callbacks.setButtonStyles\" data-id=\"522\" src=\"https:\/\/www.ines.si\/wp-content\/uploads\/2025\/11\/izdelava_komponent_5-1024x683.webp\" alt=\"Obdelana kovinska komponenta iz nerjavnega jekla postavljena na paleti v delavnici.\" class=\"wp-image-522\" srcset=\"https:\/\/www.ines.si\/wp-content\/uploads\/2025\/11\/izdelava_komponent_5-1024x683.webp 1024w, https:\/\/www.ines.si\/wp-content\/uploads\/2025\/11\/izdelava_komponent_5-300x200.webp 300w, https:\/\/www.ines.si\/wp-content\/uploads\/2025\/11\/izdelava_komponent_5-1536x1024.webp 1536w, https:\/\/www.ines.si\/wp-content\/uploads\/2025\/11\/izdelava_komponent_5.webp 1920w\" sizes=\"auto, (max-width: 1024px) 100vw, 1024px\" \/><button\n\t\t\tclass=\"lightbox-trigger\"\n\t\t\ttype=\"button\"\n\t\t\taria-haspopup=\"dialog\"\n\t\t\taria-label=\"Enlarge\"\n\t\t\tdata-wp-init=\"callbacks.initTriggerButton\"\n\t\t\tdata-wp-on--click=\"actions.showLightbox\"\n\t\t\tdata-wp-style--right=\"state.imageButtonRight\"\n\t\t\tdata-wp-style--top=\"state.imageButtonTop\"\n\t\t>\n\t\t\t<svg xmlns=\"http:\/\/www.w3.org\/2000\/svg\" width=\"12\" height=\"12\" fill=\"none\" viewBox=\"0 0 12 12\">\n\t\t\t\t<path fill=\"#fff\" d=\"M2 0a2 2 0 0 0-2 2v2h1.5V2a.5.5 0 0 1 .5-.5h2V0H2Zm2 10.5H2a.5.5 0 0 1-.5-.5V8H0v2a2 2 0 0 0 2 2h2v-1.5ZM8 12v-1.5h2a.5.5 0 0 0 .5-.5V8H12v2a2 2 0 0 1-2 2H8Zm2-12a2 2 0 0 1 2 2v2h-1.5V2a.5.5 0 0 0-.5-.5H8V0h2Z\" \/>\n\t\t\t<\/svg>\n\t\t<\/button><\/figure>\n\n\n\n<figure data-wp-context=\"{&quot;imageId&quot;:&quot;69f4d30351be8&quot;}\" data-wp-interactive=\"core\/image\" data-wp-key=\"69f4d30351be8\" class=\"wp-block-image size-large wp-lightbox-container\"><img loading=\"lazy\" decoding=\"async\" width=\"1024\" height=\"683\" data-wp-class--hide=\"state.isContentHidden\" data-wp-class--show=\"state.isContentVisible\" data-wp-init=\"callbacks.setButtonStyles\" data-wp-on--click=\"actions.showLightbox\" data-wp-on--load=\"callbacks.setButtonStyles\" data-wp-on-window--resize=\"callbacks.setButtonStyles\" data-id=\"524\" src=\"https:\/\/www.ines.si\/wp-content\/uploads\/2025\/11\/izdelava_komponent_3-1024x683.webp\" alt=\"Kovinska gred z natan&#x10D;no obdelanim pokrovom pripravljena za monta&#x17E;o v stroj.\" class=\"wp-image-524\" srcset=\"https:\/\/www.ines.si\/wp-content\/uploads\/2025\/11\/izdelava_komponent_3-1024x683.webp 1024w, https:\/\/www.ines.si\/wp-content\/uploads\/2025\/11\/izdelava_komponent_3-300x200.webp 300w, https:\/\/www.ines.si\/wp-content\/uploads\/2025\/11\/izdelava_komponent_3-1536x1024.webp 1536w, https:\/\/www.ines.si\/wp-content\/uploads\/2025\/11\/izdelava_komponent_3.webp 1920w\" sizes=\"auto, (max-width: 1024px) 100vw, 1024px\" \/><button\n\t\t\tclass=\"lightbox-trigger\"\n\t\t\ttype=\"button\"\n\t\t\taria-haspopup=\"dialog\"\n\t\t\taria-label=\"Enlarge\"\n\t\t\tdata-wp-init=\"callbacks.initTriggerButton\"\n\t\t\tdata-wp-on--click=\"actions.showLightbox\"\n\t\t\tdata-wp-style--right=\"state.imageButtonRight\"\n\t\t\tdata-wp-style--top=\"state.imageButtonTop\"\n\t\t>\n\t\t\t<svg xmlns=\"http:\/\/www.w3.org\/2000\/svg\" width=\"12\" height=\"12\" fill=\"none\" viewBox=\"0 0 12 12\">\n\t\t\t\t<path fill=\"#fff\" d=\"M2 0a2 2 0 0 0-2 2v2h1.5V2a.5.5 0 0 1 .5-.5h2V0H2Zm2 10.5H2a.5.5 0 0 1-.5-.5V8H0v2a2 2 0 0 0 2 2h2v-1.5ZM8 12v-1.5h2a.5.5 0 0 0 .5-.5V8H12v2a2 2 0 0 1-2 2H8Zm2-12a2 2 0 0 1 2 2v2h-1.5V2a.5.5 0 0 0-.5-.5H8V0h2Z\" \/>\n\t\t\t<\/svg>\n\t\t<\/button><\/figure>\n\n\n\n<figure data-wp-context=\"{&quot;imageId&quot;:&quot;69f4d30352270&quot;}\" data-wp-interactive=\"core\/image\" data-wp-key=\"69f4d30352270\" class=\"wp-block-image size-large wp-lightbox-container\"><img loading=\"lazy\" decoding=\"async\" width=\"1024\" height=\"683\" data-wp-class--hide=\"state.isContentHidden\" data-wp-class--show=\"state.isContentVisible\" data-wp-init=\"callbacks.setButtonStyles\" data-wp-on--click=\"actions.showLightbox\" data-wp-on--load=\"callbacks.setButtonStyles\" data-wp-on-window--resize=\"callbacks.setButtonStyles\" data-id=\"523\" src=\"https:\/\/www.ines.si\/wp-content\/uploads\/2025\/11\/izdelava_komponent_4-1024x683.webp\" alt=\"Precizno izdelan kovinski obro&#x10D; z ve&#x10D; odprtinami za monta&#x17E;o industrijskih elementov.\" class=\"wp-image-523\" srcset=\"https:\/\/www.ines.si\/wp-content\/uploads\/2025\/11\/izdelava_komponent_4-1024x683.webp 1024w, https:\/\/www.ines.si\/wp-content\/uploads\/2025\/11\/izdelava_komponent_4-300x200.webp 300w, https:\/\/www.ines.si\/wp-content\/uploads\/2025\/11\/izdelava_komponent_4-1536x1024.webp 1536w, https:\/\/www.ines.si\/wp-content\/uploads\/2025\/11\/izdelava_komponent_4.webp 1920w\" sizes=\"auto, (max-width: 1024px) 100vw, 1024px\" \/><button\n\t\t\tclass=\"lightbox-trigger\"\n\t\t\ttype=\"button\"\n\t\t\taria-haspopup=\"dialog\"\n\t\t\taria-label=\"Enlarge\"\n\t\t\tdata-wp-init=\"callbacks.initTriggerButton\"\n\t\t\tdata-wp-on--click=\"actions.showLightbox\"\n\t\t\tdata-wp-style--right=\"state.imageButtonRight\"\n\t\t\tdata-wp-style--top=\"state.imageButtonTop\"\n\t\t>\n\t\t\t<svg xmlns=\"http:\/\/www.w3.org\/2000\/svg\" width=\"12\" height=\"12\" fill=\"none\" viewBox=\"0 0 12 12\">\n\t\t\t\t<path fill=\"#fff\" d=\"M2 0a2 2 0 0 0-2 2v2h1.5V2a.5.5 0 0 1 .5-.5h2V0H2Zm2 10.5H2a.5.5 0 0 1-.5-.5V8H0v2a2 2 0 0 0 2 2h2v-1.5ZM8 12v-1.5h2a.5.5 0 0 0 .5-.5V8H12v2a2 2 0 0 1-2 2H8Zm2-12a2 2 0 0 1 2 2v2h-1.5V2a.5.5 0 0 0-.5-.5H8V0h2Z\" \/>\n\t\t\t<\/svg>\n\t\t<\/button><\/figure>\n<\/figure>\n\n\n        <\/div>\n    <\/div>\n<\/div><div id=\"\" class=\"ow_container_section wp-block-ow-kontakt has-white-color content_padding_top_112 content_padding_bottom_112 bg_pos_center_center bg_rep_no_repeat bg_size_cover wp-elements-fac03fbff5bd751a26edd1f23a87556f\" style=\"background-image:url(https:\/\/www.ines.si\/wp-content\/uploads\/2025\/09\/kontakt.webp)\">\n    <div class=\"container\">\n        <div class=\"content\">\n            \n\n<div class=\"wp-block-group ow-kontakt-inner is-layout-constrained wp-block-group-is-layout-constrained\">\n<h2 class=\"wp-block-heading has-heading-4-font-size\">Kontaktirajte nas<\/h2>\n\n\n\n<p>Imate vpra\u0161anja? Na\u0161a ekipa je pripravljena, da vam pomaga pri va\u0161ih industrijskih re\u0161itvah.<\/p>\n\n\n\n<div class=\"wp-block-buttons mt32 is-layout-flex wp-block-buttons-is-layout-flex\">\n<div class=\"wp-block-button wp-block-button--white open-popup-povprasevanje\"><a class=\"wp-block-button__link wp-element-button\">Po\u0161ljite povpra\u0161evanje<\/a><\/div>\n<\/div>\n<\/div>\n\n\n        <\/div>\n    <\/div>\n<\/div>","protected":false},"excerpt":{"rendered":"","protected":false},"author":2,"featured_media":0,"parent":558,"menu_order":0,"comment_status":"closed","ping_status":"closed","template":"","meta":{"_acf_changed":false,"footnotes":""},"class_list":["post-589","page","type-page","status-publish","hentry"],"acf":[],"yoast_head":"<!-- This site is optimized with the Yoast SEO plugin v27.5 - https:\/\/yoast.com\/product\/yoast-seo-wordpress\/ -->\n<title>Izdelava komponent - Ines<\/title>\n<meta name=\"description\" content=\"Posebne komponente po meri \u2013 od risbe do kon\u010dnega izdelka. INES d.o.o. zagotavlja funkcionalnost, zanesljivost in tehni\u010dno podporo\" \/>\n<meta name=\"robots\" content=\"index, follow, max-snippet:-1, max-image-preview:large, max-video-preview:-1\" \/>\n<link rel=\"canonical\" href=\"https:\/\/www.ines.si\/en\/hidravlika\/izdelava-komponent\/\" \/>\n<meta property=\"og:locale\" content=\"en_US\" \/>\n<meta property=\"og:type\" content=\"article\" \/>\n<meta property=\"og:title\" content=\"Izdelava komponent - Ines\" \/>\n<meta property=\"og:description\" content=\"Posebne komponente po meri \u2013 od risbe do kon\u010dnega izdelka. INES d.o.o. zagotavlja funkcionalnost, zanesljivost in tehni\u010dno podporo\" \/>\n<meta property=\"og:url\" content=\"https:\/\/www.ines.si\/en\/hidravlika\/izdelava-komponent\/\" \/>\n<meta property=\"og:site_name\" content=\"Ines\" \/>\n<meta property=\"article:modified_time\" content=\"2026-02-20T14:17:39+00:00\" \/>\n<meta property=\"og:image\" content=\"https:\/\/www.ines.si\/wp-content\/uploads\/2025\/11\/izdelava_komponent_2.webp\" \/>\n<meta name=\"twitter:card\" content=\"summary_large_image\" \/>\n<meta name=\"twitter:label1\" content=\"Est. reading time\" \/>\n\t<meta name=\"twitter:data1\" content=\"2 minutes\" \/>\n<script type=\"application\/ld+json\" class=\"yoast-schema-graph\">{\"@context\":\"https:\\\/\\\/schema.org\",\"@graph\":[{\"@type\":\"WebPage\",\"@id\":\"https:\\\/\\\/www.ines.si\\\/en\\\/hidravlika\\\/izdelava-komponent\\\/\",\"url\":\"https:\\\/\\\/www.ines.si\\\/en\\\/hidravlika\\\/izdelava-komponent\\\/\",\"name\":\"Izdelava komponent - Ines\",\"isPartOf\":{\"@id\":\"https:\\\/\\\/www.ines.si\\\/en\\\/#website\"},\"primaryImageOfPage\":{\"@id\":\"https:\\\/\\\/www.ines.si\\\/en\\\/hidravlika\\\/izdelava-komponent\\\/#primaryimage\"},\"image\":{\"@id\":\"https:\\\/\\\/www.ines.si\\\/en\\\/hidravlika\\\/izdelava-komponent\\\/#primaryimage\"},\"thumbnailUrl\":\"https:\\\/\\\/www.ines.si\\\/wp-content\\\/uploads\\\/2025\\\/11\\\/izdelava_komponent_2.webp\",\"datePublished\":\"2025-09-19T14:58:23+00:00\",\"dateModified\":\"2026-02-20T14:17:39+00:00\",\"description\":\"Posebne komponente po meri \u2013 od risbe do kon\u010dnega izdelka. INES d.o.o. zagotavlja funkcionalnost, zanesljivost in tehni\u010dno podporo\",\"breadcrumb\":{\"@id\":\"https:\\\/\\\/www.ines.si\\\/en\\\/hidravlika\\\/izdelava-komponent\\\/#breadcrumb\"},\"inLanguage\":\"en-US\",\"potentialAction\":[{\"@type\":\"ReadAction\",\"target\":[\"https:\\\/\\\/www.ines.si\\\/en\\\/hidravlika\\\/izdelava-komponent\\\/\"]}]},{\"@type\":\"ImageObject\",\"inLanguage\":\"en-US\",\"@id\":\"https:\\\/\\\/www.ines.si\\\/en\\\/hidravlika\\\/izdelava-komponent\\\/#primaryimage\",\"url\":\"https:\\\/\\\/www.ines.si\\\/wp-content\\\/uploads\\\/2025\\\/11\\\/izdelava_komponent_2.webp\",\"contentUrl\":\"https:\\\/\\\/www.ines.si\\\/wp-content\\\/uploads\\\/2025\\\/11\\\/izdelava_komponent_2.webp\"},{\"@type\":\"WebSite\",\"@id\":\"https:\\\/\\\/www.ines.si\\\/en\\\/#website\",\"url\":\"https:\\\/\\\/www.ines.si\\\/en\\\/\",\"name\":\"Ines\",\"description\":\"\",\"publisher\":{\"@id\":\"https:\\\/\\\/www.ines.si\\\/en\\\/#organization\"},\"potentialAction\":[{\"@type\":\"SearchAction\",\"target\":{\"@type\":\"EntryPoint\",\"urlTemplate\":\"https:\\\/\\\/www.ines.si\\\/en\\\/?s={search_term_string}\"},\"query-input\":{\"@type\":\"PropertyValueSpecification\",\"valueRequired\":true,\"valueName\":\"search_term_string\"}}],\"inLanguage\":\"en-US\"},{\"@type\":\"Organization\",\"@id\":\"https:\\\/\\\/www.ines.si\\\/en\\\/#organization\",\"name\":\"Ines\",\"url\":\"https:\\\/\\\/www.ines.si\\\/en\\\/\",\"logo\":{\"@type\":\"ImageObject\",\"inLanguage\":\"en-US\",\"@id\":\"https:\\\/\\\/www.ines.si\\\/en\\\/#\\\/schema\\\/logo\\\/image\\\/\",\"url\":\"https:\\\/\\\/www.ines.si\\\/wp-content\\\/uploads\\\/2025\\\/08\\\/Ines_Logotip_Crn_SLO-1.svg\",\"contentUrl\":\"https:\\\/\\\/www.ines.si\\\/wp-content\\\/uploads\\\/2025\\\/08\\\/Ines_Logotip_Crn_SLO-1.svg\",\"width\":162,\"height\":64,\"caption\":\"Ines\"},\"image\":{\"@id\":\"https:\\\/\\\/www.ines.si\\\/en\\\/#\\\/schema\\\/logo\\\/image\\\/\"}}]}<\/script>\n<!-- \/ Yoast SEO plugin. -->","yoast_head_json":{"title":"Izdelava komponent - Ines","description":"Posebne komponente po meri \u2013 od risbe do kon\u010dnega izdelka. INES d.o.o. zagotavlja funkcionalnost, zanesljivost in tehni\u010dno podporo","robots":{"index":"index","follow":"follow","max-snippet":"max-snippet:-1","max-image-preview":"max-image-preview:large","max-video-preview":"max-video-preview:-1"},"canonical":"https:\/\/www.ines.si\/en\/hidravlika\/izdelava-komponent\/","og_locale":"en_US","og_type":"article","og_title":"Izdelava komponent - Ines","og_description":"Posebne komponente po meri \u2013 od risbe do kon\u010dnega izdelka. INES d.o.o. zagotavlja funkcionalnost, zanesljivost in tehni\u010dno podporo","og_url":"https:\/\/www.ines.si\/en\/hidravlika\/izdelava-komponent\/","og_site_name":"Ines","article_modified_time":"2026-02-20T14:17:39+00:00","og_image":[{"url":"https:\/\/www.ines.si\/wp-content\/uploads\/2025\/11\/izdelava_komponent_2.webp","type":"","width":"","height":""}],"twitter_card":"summary_large_image","twitter_misc":{"Est. reading time":"2 minutes"},"schema":{"@context":"https:\/\/schema.org","@graph":[{"@type":"WebPage","@id":"https:\/\/www.ines.si\/en\/hidravlika\/izdelava-komponent\/","url":"https:\/\/www.ines.si\/en\/hidravlika\/izdelava-komponent\/","name":"Izdelava komponent - Ines","isPartOf":{"@id":"https:\/\/www.ines.si\/en\/#website"},"primaryImageOfPage":{"@id":"https:\/\/www.ines.si\/en\/hidravlika\/izdelava-komponent\/#primaryimage"},"image":{"@id":"https:\/\/www.ines.si\/en\/hidravlika\/izdelava-komponent\/#primaryimage"},"thumbnailUrl":"https:\/\/www.ines.si\/wp-content\/uploads\/2025\/11\/izdelava_komponent_2.webp","datePublished":"2025-09-19T14:58:23+00:00","dateModified":"2026-02-20T14:17:39+00:00","description":"Posebne komponente po meri \u2013 od risbe do kon\u010dnega izdelka. INES d.o.o. zagotavlja funkcionalnost, zanesljivost in tehni\u010dno podporo","breadcrumb":{"@id":"https:\/\/www.ines.si\/en\/hidravlika\/izdelava-komponent\/#breadcrumb"},"inLanguage":"en-US","potentialAction":[{"@type":"ReadAction","target":["https:\/\/www.ines.si\/en\/hidravlika\/izdelava-komponent\/"]}]},{"@type":"ImageObject","inLanguage":"en-US","@id":"https:\/\/www.ines.si\/en\/hidravlika\/izdelava-komponent\/#primaryimage","url":"https:\/\/www.ines.si\/wp-content\/uploads\/2025\/11\/izdelava_komponent_2.webp","contentUrl":"https:\/\/www.ines.si\/wp-content\/uploads\/2025\/11\/izdelava_komponent_2.webp"},{"@type":"WebSite","@id":"https:\/\/www.ines.si\/en\/#website","url":"https:\/\/www.ines.si\/en\/","name":"Ines","description":"","publisher":{"@id":"https:\/\/www.ines.si\/en\/#organization"},"potentialAction":[{"@type":"SearchAction","target":{"@type":"EntryPoint","urlTemplate":"https:\/\/www.ines.si\/en\/?s={search_term_string}"},"query-input":{"@type":"PropertyValueSpecification","valueRequired":true,"valueName":"search_term_string"}}],"inLanguage":"en-US"},{"@type":"Organization","@id":"https:\/\/www.ines.si\/en\/#organization","name":"Ines","url":"https:\/\/www.ines.si\/en\/","logo":{"@type":"ImageObject","inLanguage":"en-US","@id":"https:\/\/www.ines.si\/en\/#\/schema\/logo\/image\/","url":"https:\/\/www.ines.si\/wp-content\/uploads\/2025\/08\/Ines_Logotip_Crn_SLO-1.svg","contentUrl":"https:\/\/www.ines.si\/wp-content\/uploads\/2025\/08\/Ines_Logotip_Crn_SLO-1.svg","width":162,"height":64,"caption":"Ines"},"image":{"@id":"https:\/\/www.ines.si\/en\/#\/schema\/logo\/image\/"}}]}},"_links":{"self":[{"href":"https:\/\/www.ines.si\/en\/wp-json\/wp\/v2\/pages\/589","targetHints":{"allow":["GET"]}}],"collection":[{"href":"https:\/\/www.ines.si\/en\/wp-json\/wp\/v2\/pages"}],"about":[{"href":"https:\/\/www.ines.si\/en\/wp-json\/wp\/v2\/types\/page"}],"author":[{"embeddable":true,"href":"https:\/\/www.ines.si\/en\/wp-json\/wp\/v2\/users\/2"}],"replies":[{"embeddable":true,"href":"https:\/\/www.ines.si\/en\/wp-json\/wp\/v2\/comments?post=589"}],"version-history":[{"count":4,"href":"https:\/\/www.ines.si\/en\/wp-json\/wp\/v2\/pages\/589\/revisions"}],"predecessor-version":[{"id":912,"href":"https:\/\/www.ines.si\/en\/wp-json\/wp\/v2\/pages\/589\/revisions\/912"}],"up":[{"embeddable":true,"href":"https:\/\/www.ines.si\/en\/wp-json\/wp\/v2\/pages\/558"}],"wp:attachment":[{"href":"https:\/\/www.ines.si\/en\/wp-json\/wp\/v2\/media?parent=589"}],"curies":[{"name":"wp","href":"https:\/\/api.w.org\/{rel}","templated":true}]}}