{"id":558,"date":"2025-08-21T06:54:24","date_gmt":"2025-08-21T05:54:24","guid":{"rendered":"https:\/\/www.ines.si\/hidravlika\/"},"modified":"2026-02-19T14:55:09","modified_gmt":"2026-02-19T13:55:09","slug":"hidravlika","status":"publish","type":"page","link":"https:\/\/www.ines.si\/en\/hidravlika\/","title":{"rendered":"Hidravlika"},"content":{"rendered":"<div  class='wp-block-ow wp-block-ow-banner '><img loading=\"lazy\" decoding=\"async\" width=\"1920\" height=\"1280\" src=\"https:\/\/www.ines.si\/wp-content\/uploads\/2025\/11\/servis_izdelava_hidravlicnih_sistemov_2.webp\" class=\"banner-bg\" alt=\"Kovinski hidravli\u010dni priklju\u010dki z zapornimi ventili na delovni mizi.\" srcset=\"https:\/\/www.ines.si\/wp-content\/uploads\/2025\/11\/servis_izdelava_hidravlicnih_sistemov_2.webp 1920w, https:\/\/www.ines.si\/wp-content\/uploads\/2025\/11\/servis_izdelava_hidravlicnih_sistemov_2-300x200.webp 300w, https:\/\/www.ines.si\/wp-content\/uploads\/2025\/11\/servis_izdelava_hidravlicnih_sistemov_2-1024x683.webp 1024w, https:\/\/www.ines.si\/wp-content\/uploads\/2025\/11\/servis_izdelava_hidravlicnih_sistemov_2-1536x1024.webp 1536w\" sizes=\"auto, (max-width: 1920px) 100vw, 1920px\" \/><div class='overlay'><\/div><div class='container'><div class='content'><div class='banner'><div class='banner__content'><h1 class='banner__title has-white-color max864 mb24'>Hidravlika<\/h1><div class='banner__text has-white-color max864'>Srce industrije<\/div><div class='banner__cta mt40'><div class='wp-block-buttons is-layout-flex wp-block-buttons-is-layout-flex'><div class='wp-block-button wp-block-button--white open-popup-povprasevanje'><a class='wp-block-button__link wp-element-button' href='#' target=''>Po\u0161ljite povpra\u0161evanje<\/a><\/div><\/div><\/div><\/div><\/div><\/div><\/div><\/div><div  class='wp-block-ow wp-block-ow-podstrani-povezave wp-elements-1a42d6cd678ecfb5106e78e9f5c573c4 has-blue-background-color has-white-color content_padding_top_104 content_padding_bottom_104'><div class='container'><div class='content'><div class='podstrani-povezave'><a href='https:\/\/www.ines.si\/en\/hidravlika\/izdelava-komponent\/' class='podstrani-item has-heading-5-font-size'>Izdelava komponent<svg xmlns=\"http:\/\/www.w3.org\/2000\/svg\" width=\"32\" height=\"33\" viewBox=\"0 0 32 33\" fill=\"none\">\n  <mask id=\"mask0_2264_804\" style=\"mask-type:alpha\" maskUnits=\"userSpaceOnUse\" x=\"0\" y=\"0\" width=\"32\" height=\"33\">\n    <rect y=\"0.5\" width=\"32\" height=\"32\" fill=\"#D9D9D9\"\/>\n  <\/mask>\n  <g mask=\"url(#mask0_2264_804)\">\n    <path d=\"M8.53366 24.5L6.66699 22.6334L19.467 9.83335H8.00033V7.16669H24.0003V23.1667H21.3337V11.7L8.53366 24.5Z\" fill=\"white\"\/>\n  <\/g>\n<\/svg><\/a><a href='https:\/\/www.ines.si\/en\/hidravlika\/servis-in-izdelava-hidravlicnih-cevi\/' class='podstrani-item has-heading-5-font-size'>Servis in izdelava hidravli\u010dnih cevi<svg xmlns=\"http:\/\/www.w3.org\/2000\/svg\" width=\"32\" height=\"33\" viewBox=\"0 0 32 33\" fill=\"none\">\n  <mask id=\"mask0_2264_804\" style=\"mask-type:alpha\" maskUnits=\"userSpaceOnUse\" x=\"0\" y=\"0\" width=\"32\" height=\"33\">\n    <rect y=\"0.5\" width=\"32\" height=\"32\" fill=\"#D9D9D9\"\/>\n  <\/mask>\n  <g mask=\"url(#mask0_2264_804)\">\n    <path d=\"M8.53366 24.5L6.66699 22.6334L19.467 9.83335H8.00033V7.16669H24.0003V23.1667H21.3337V11.7L8.53366 24.5Z\" fill=\"white\"\/>\n  <\/g>\n<\/svg><\/a><\/div><\/div><\/div><\/div><div id=\"\" class=\"ow_container_section animate-block has-beige-background-color content_padding_top_152 content_padding_bottom_152\">\n    <div class=\"container\">\n        <div class=\"content\">\n            \n\n<div class=\"wp-block-columns are-vertically-aligned-center is-layout-flex wp-container-core-columns-is-layout-9d6595d7 wp-block-columns-is-layout-flex\">\n<div class=\"wp-block-column is-vertically-aligned-center is-layout-flow wp-block-column-is-layout-flow\">\n<div class=\"wp-block-group max535 is-layout-constrained wp-block-group-is-layout-constrained\">\n<h2 class=\"wp-block-heading animate-block-step animate-block-step-1\">Celovite re\u0161itve za na\u0161e kupce<\/h2>\n\n\n\n<p class=\"animate-block-step animate-block-step-2\">Hidravli\u010dni sistemi so temelj sodobnih strojev, saj omogo\u010dajo natan\u010dnost, mo\u010d in zanesljivost v najzahtevnej\u0161ih industrijskih procesih. V podjetju INES d.o.o. hidravlike ne vidimo le kot skupek komponent, temve\u010d kot celovite re\u0161itve, ki kupcem prina\u0161ajo u\u010dinkovitost in zanesljivo delovanje.<\/p>\n\n\n\n<p class=\"animate-block-step animate-block-step-2\">Na\u0161e vodilo je kakovost in fleksibilnost \u2013 od izbire premium komponent do strokovnega svetovanja in podpore. Hidravlika pri nas ni le prodajni program, temve\u010d dodana vrednost, ki zagotavlja dolgoro\u010dno konkuren\u010dnost, varnost in stabilnost delovanja.<\/p>\n<\/div>\n<\/div>\n\n\n\n<div class=\"wp-block-column is-vertically-aligned-center is-layout-flow wp-block-column-is-layout-flow\">\n<figure class=\"wp-block-image size-full animate-block-step animate-block-fly-in animate-block-step-3\"><img loading=\"lazy\" decoding=\"async\" width=\"1920\" height=\"1280\" src=\"https:\/\/www.ines.si\/wp-content\/uploads\/2025\/11\/servis_izdelava_hidravlicnih_sistemov_5.webp\" alt=\"Celoten hidravli&#x10D;ni sistem z ventili, cevmi, merilnikom tlaka in rezervoarjem v ohi&#x161;ju.\" class=\"wp-image-506\" srcset=\"https:\/\/www.ines.si\/wp-content\/uploads\/2025\/11\/servis_izdelava_hidravlicnih_sistemov_5.webp 1920w, https:\/\/www.ines.si\/wp-content\/uploads\/2025\/11\/servis_izdelava_hidravlicnih_sistemov_5-300x200.webp 300w, https:\/\/www.ines.si\/wp-content\/uploads\/2025\/11\/servis_izdelava_hidravlicnih_sistemov_5-1024x683.webp 1024w, https:\/\/www.ines.si\/wp-content\/uploads\/2025\/11\/servis_izdelava_hidravlicnih_sistemov_5-1536x1024.webp 1536w\" sizes=\"auto, (max-width: 1920px) 100vw, 1920px\" \/><\/figure>\n<\/div>\n<\/div>\n\n\n        <\/div>\n    <\/div>\n<\/div><div id=\"\" class=\"ow_container_section  content_padding_top_104 content_padding_bottom_104\">\n    <div class=\"container\">\n        <div class=\"content\">\n            \n\n<h2 class=\"wp-block-heading has-heading-4-font-size\">Na\u0161a hidravli\u010dna ponudba vklju\u010duje:<\/h2>\n\n\n\n<ul class=\"wp-block-list\">\n<li><strong>Hidravli\u010dne cevi in armature<\/strong> \u2013 GATES in druge premium znamke, z \u00a0garancijo brezkaplji\u010dnega delovanja.<\/li>\n\n\n\n<li><strong>Hitre spojke in varnostne re\u0161itve<\/strong> \u2013 CEJN AB program za varno in \u00a0u\u010dinkovito povezovanje medijev.<\/li>\n\n\n\n<li><strong>Ventile, razdelilnike in regulatorje<\/strong> \u2013 za natan\u010dno krmiljenje in zanesljivost sistema.<\/li>\n\n\n\n<li><strong>Hidravli\u010dne cilindre <\/strong>\u2013 izdelava novih in obnova obstoje\u010dih po meri.<\/li>\n\n\n\n<li><strong>Agregate in hidravli\u010dne sisteme<\/strong> \u2013 zasnovane za specifi\u010dne projekte in OEM aplikacije.<\/li>\n\n\n\n<li><strong>Rezervne in nadomestne dele<\/strong> \u2013 za podalj\u0161anje \u017eivljenjske dobe strojev<\/li>\n<\/ul>\n\n\n        <\/div>\n    <\/div>\n<\/div><div id=\"\" class=\"ow_container_section wp-block-ow-kontakt has-white-color content_padding_top_112 content_padding_bottom_112 bg_pos_center_center bg_rep_no_repeat bg_size_cover wp-elements-fac03fbff5bd751a26edd1f23a87556f\" style=\"background-image:url(https:\/\/www.ines.si\/wp-content\/uploads\/2025\/09\/kontakt.webp)\">\n    <div class=\"container\">\n        <div class=\"content\">\n            \n\n<div class=\"wp-block-group ow-kontakt-inner is-layout-constrained wp-block-group-is-layout-constrained\">\n<h2 class=\"wp-block-heading has-heading-4-font-size\">Kontaktirajte nas<\/h2>\n\n\n\n<p>Imate vpra\u0161anja? Na\u0161a ekipa je pripravljena, da vam pomaga pri va\u0161ih industrijskih re\u0161itvah.<\/p>\n\n\n\n<div class=\"wp-block-buttons mt32 is-layout-flex wp-block-buttons-is-layout-flex\">\n<div class=\"wp-block-button wp-block-button--white open-popup-povprasevanje\"><a class=\"wp-block-button__link wp-element-button\">Po\u0161ljite povpra\u0161evanje<\/a><\/div>\n<\/div>\n<\/div>\n\n\n        <\/div>\n    <\/div>\n<\/div>","protected":false},"excerpt":{"rendered":"","protected":false},"author":1,"featured_media":0,"parent":0,"menu_order":0,"comment_status":"closed","ping_status":"closed","template":"","meta":{"_acf_changed":false,"footnotes":""},"class_list":["post-558","page","type-page","status-publish","hentry"],"acf":[],"yoast_head":"<!-- This site is optimized with the Yoast SEO plugin v27.5 - https:\/\/yoast.com\/product\/yoast-seo-wordpress\/ -->\n<title>Hidravlika - Ines<\/title>\n<meta name=\"description\" content=\"Hidravli\u010dni sistemi INES d.o.o. \u2013 od cevi in ventilov do cilindrov in agregatov. Premium komponente, natan\u010dnost in dolga \u017eivljenjska doba\" \/>\n<meta name=\"robots\" content=\"index, follow, max-snippet:-1, max-image-preview:large, max-video-preview:-1\" \/>\n<link rel=\"canonical\" href=\"https:\/\/www.ines.si\/en\/hidravlika\/\" \/>\n<meta property=\"og:locale\" content=\"en_US\" \/>\n<meta property=\"og:type\" content=\"article\" \/>\n<meta property=\"og:title\" content=\"Hidravlika - Ines\" \/>\n<meta property=\"og:description\" content=\"Hidravli\u010dni sistemi INES d.o.o. \u2013 od cevi in ventilov do cilindrov in agregatov. Premium komponente, natan\u010dnost in dolga \u017eivljenjska doba\" \/>\n<meta property=\"og:url\" content=\"https:\/\/www.ines.si\/en\/hidravlika\/\" \/>\n<meta property=\"og:site_name\" content=\"Ines\" \/>\n<meta property=\"article:modified_time\" content=\"2026-02-19T13:55:09+00:00\" \/>\n<meta property=\"og:image\" content=\"https:\/\/www.ines.si\/wp-content\/uploads\/2025\/11\/servis_izdelava_hidravlicnih_sistemov_5.webp\" \/>\n<meta name=\"twitter:card\" content=\"summary_large_image\" \/>\n<meta name=\"twitter:label1\" content=\"Est. reading time\" \/>\n\t<meta name=\"twitter:data1\" content=\"3 minutes\" \/>\n<script type=\"application\/ld+json\" class=\"yoast-schema-graph\">{\"@context\":\"https:\\\/\\\/schema.org\",\"@graph\":[{\"@type\":\"WebPage\",\"@id\":\"https:\\\/\\\/www.ines.si\\\/en\\\/hidravlika\\\/\",\"url\":\"https:\\\/\\\/www.ines.si\\\/en\\\/hidravlika\\\/\",\"name\":\"Hidravlika - Ines\",\"isPartOf\":{\"@id\":\"https:\\\/\\\/www.ines.si\\\/en\\\/#website\"},\"primaryImageOfPage\":{\"@id\":\"https:\\\/\\\/www.ines.si\\\/en\\\/hidravlika\\\/#primaryimage\"},\"image\":{\"@id\":\"https:\\\/\\\/www.ines.si\\\/en\\\/hidravlika\\\/#primaryimage\"},\"thumbnailUrl\":\"https:\\\/\\\/www.ines.si\\\/wp-content\\\/uploads\\\/2025\\\/11\\\/servis_izdelava_hidravlicnih_sistemov_5.webp\",\"datePublished\":\"2025-08-21T05:54:24+00:00\",\"dateModified\":\"2026-02-19T13:55:09+00:00\",\"description\":\"Hidravli\u010dni sistemi INES d.o.o. \u2013 od cevi in ventilov do cilindrov in agregatov. Premium komponente, natan\u010dnost in dolga \u017eivljenjska doba\",\"breadcrumb\":{\"@id\":\"https:\\\/\\\/www.ines.si\\\/en\\\/hidravlika\\\/#breadcrumb\"},\"inLanguage\":\"en-US\",\"potentialAction\":[{\"@type\":\"ReadAction\",\"target\":[\"https:\\\/\\\/www.ines.si\\\/en\\\/hidravlika\\\/\"]}]},{\"@type\":\"ImageObject\",\"inLanguage\":\"en-US\",\"@id\":\"https:\\\/\\\/www.ines.si\\\/en\\\/hidravlika\\\/#primaryimage\",\"url\":\"https:\\\/\\\/www.ines.si\\\/wp-content\\\/uploads\\\/2025\\\/11\\\/servis_izdelava_hidravlicnih_sistemov_5.webp\",\"contentUrl\":\"https:\\\/\\\/www.ines.si\\\/wp-content\\\/uploads\\\/2025\\\/11\\\/servis_izdelava_hidravlicnih_sistemov_5.webp\"},{\"@type\":\"WebSite\",\"@id\":\"https:\\\/\\\/www.ines.si\\\/en\\\/#website\",\"url\":\"https:\\\/\\\/www.ines.si\\\/en\\\/\",\"name\":\"Ines\",\"description\":\"\",\"publisher\":{\"@id\":\"https:\\\/\\\/www.ines.si\\\/en\\\/#organization\"},\"potentialAction\":[{\"@type\":\"SearchAction\",\"target\":{\"@type\":\"EntryPoint\",\"urlTemplate\":\"https:\\\/\\\/www.ines.si\\\/en\\\/?s={search_term_string}\"},\"query-input\":{\"@type\":\"PropertyValueSpecification\",\"valueRequired\":true,\"valueName\":\"search_term_string\"}}],\"inLanguage\":\"en-US\"},{\"@type\":\"Organization\",\"@id\":\"https:\\\/\\\/www.ines.si\\\/en\\\/#organization\",\"name\":\"Ines\",\"url\":\"https:\\\/\\\/www.ines.si\\\/en\\\/\",\"logo\":{\"@type\":\"ImageObject\",\"inLanguage\":\"en-US\",\"@id\":\"https:\\\/\\\/www.ines.si\\\/en\\\/#\\\/schema\\\/logo\\\/image\\\/\",\"url\":\"https:\\\/\\\/www.ines.si\\\/wp-content\\\/uploads\\\/2025\\\/08\\\/Ines_Logotip_Crn_SLO-1.svg\",\"contentUrl\":\"https:\\\/\\\/www.ines.si\\\/wp-content\\\/uploads\\\/2025\\\/08\\\/Ines_Logotip_Crn_SLO-1.svg\",\"width\":162,\"height\":64,\"caption\":\"Ines\"},\"image\":{\"@id\":\"https:\\\/\\\/www.ines.si\\\/en\\\/#\\\/schema\\\/logo\\\/image\\\/\"}}]}<\/script>\n<!-- \/ Yoast SEO plugin. -->","yoast_head_json":{"title":"Hidravlika - Ines","description":"Hidravli\u010dni sistemi INES d.o.o. \u2013 od cevi in ventilov do cilindrov in agregatov. Premium komponente, natan\u010dnost in dolga \u017eivljenjska doba","robots":{"index":"index","follow":"follow","max-snippet":"max-snippet:-1","max-image-preview":"max-image-preview:large","max-video-preview":"max-video-preview:-1"},"canonical":"https:\/\/www.ines.si\/en\/hidravlika\/","og_locale":"en_US","og_type":"article","og_title":"Hidravlika - Ines","og_description":"Hidravli\u010dni sistemi INES d.o.o. \u2013 od cevi in ventilov do cilindrov in agregatov. Premium komponente, natan\u010dnost in dolga \u017eivljenjska doba","og_url":"https:\/\/www.ines.si\/en\/hidravlika\/","og_site_name":"Ines","article_modified_time":"2026-02-19T13:55:09+00:00","og_image":[{"url":"https:\/\/www.ines.si\/wp-content\/uploads\/2025\/11\/servis_izdelava_hidravlicnih_sistemov_5.webp","type":"","width":"","height":""}],"twitter_card":"summary_large_image","twitter_misc":{"Est. reading time":"3 minutes"},"schema":{"@context":"https:\/\/schema.org","@graph":[{"@type":"WebPage","@id":"https:\/\/www.ines.si\/en\/hidravlika\/","url":"https:\/\/www.ines.si\/en\/hidravlika\/","name":"Hidravlika - Ines","isPartOf":{"@id":"https:\/\/www.ines.si\/en\/#website"},"primaryImageOfPage":{"@id":"https:\/\/www.ines.si\/en\/hidravlika\/#primaryimage"},"image":{"@id":"https:\/\/www.ines.si\/en\/hidravlika\/#primaryimage"},"thumbnailUrl":"https:\/\/www.ines.si\/wp-content\/uploads\/2025\/11\/servis_izdelava_hidravlicnih_sistemov_5.webp","datePublished":"2025-08-21T05:54:24+00:00","dateModified":"2026-02-19T13:55:09+00:00","description":"Hidravli\u010dni sistemi INES d.o.o. \u2013 od cevi in ventilov do cilindrov in agregatov. Premium komponente, natan\u010dnost in dolga \u017eivljenjska doba","breadcrumb":{"@id":"https:\/\/www.ines.si\/en\/hidravlika\/#breadcrumb"},"inLanguage":"en-US","potentialAction":[{"@type":"ReadAction","target":["https:\/\/www.ines.si\/en\/hidravlika\/"]}]},{"@type":"ImageObject","inLanguage":"en-US","@id":"https:\/\/www.ines.si\/en\/hidravlika\/#primaryimage","url":"https:\/\/www.ines.si\/wp-content\/uploads\/2025\/11\/servis_izdelava_hidravlicnih_sistemov_5.webp","contentUrl":"https:\/\/www.ines.si\/wp-content\/uploads\/2025\/11\/servis_izdelava_hidravlicnih_sistemov_5.webp"},{"@type":"WebSite","@id":"https:\/\/www.ines.si\/en\/#website","url":"https:\/\/www.ines.si\/en\/","name":"Ines","description":"","publisher":{"@id":"https:\/\/www.ines.si\/en\/#organization"},"potentialAction":[{"@type":"SearchAction","target":{"@type":"EntryPoint","urlTemplate":"https:\/\/www.ines.si\/en\/?s={search_term_string}"},"query-input":{"@type":"PropertyValueSpecification","valueRequired":true,"valueName":"search_term_string"}}],"inLanguage":"en-US"},{"@type":"Organization","@id":"https:\/\/www.ines.si\/en\/#organization","name":"Ines","url":"https:\/\/www.ines.si\/en\/","logo":{"@type":"ImageObject","inLanguage":"en-US","@id":"https:\/\/www.ines.si\/en\/#\/schema\/logo\/image\/","url":"https:\/\/www.ines.si\/wp-content\/uploads\/2025\/08\/Ines_Logotip_Crn_SLO-1.svg","contentUrl":"https:\/\/www.ines.si\/wp-content\/uploads\/2025\/08\/Ines_Logotip_Crn_SLO-1.svg","width":162,"height":64,"caption":"Ines"},"image":{"@id":"https:\/\/www.ines.si\/en\/#\/schema\/logo\/image\/"}}]}},"_links":{"self":[{"href":"https:\/\/www.ines.si\/en\/wp-json\/wp\/v2\/pages\/558","targetHints":{"allow":["GET"]}}],"collection":[{"href":"https:\/\/www.ines.si\/en\/wp-json\/wp\/v2\/pages"}],"about":[{"href":"https:\/\/www.ines.si\/en\/wp-json\/wp\/v2\/types\/page"}],"author":[{"embeddable":true,"href":"https:\/\/www.ines.si\/en\/wp-json\/wp\/v2\/users\/1"}],"replies":[{"embeddable":true,"href":"https:\/\/www.ines.si\/en\/wp-json\/wp\/v2\/comments?post=558"}],"version-history":[{"count":1,"href":"https:\/\/www.ines.si\/en\/wp-json\/wp\/v2\/pages\/558\/revisions"}],"predecessor-version":[{"id":871,"href":"https:\/\/www.ines.si\/en\/wp-json\/wp\/v2\/pages\/558\/revisions\/871"}],"wp:attachment":[{"href":"https:\/\/www.ines.si\/en\/wp-json\/wp\/v2\/media?parent=558"}],"curies":[{"name":"wp","href":"https:\/\/api.w.org\/{rel}","templated":true}]}}